{"id":254,"date":"2023-11-20T14:03:29","date_gmt":"2023-11-20T17:03:29","guid":{"rendered":"https:\/\/parceiros.studiom3.com.br\/dauriti\/?page_id=254"},"modified":"2024-01-08T18:44:07","modified_gmt":"2024-01-08T21:44:07","slug":"contato","status":"publish","type":"page","link":"https:\/\/parceiros.studiom3.com.br\/dauriti\/contato\/","title":{"rendered":"Contato"},"content":{"rendered":"\t\t<div data-elementor-type=\"wp-page\" data-elementor-id=\"254\" class=\"elementor elementor-254\" data-elementor-post-type=\"page\">\n\t\t\t\t\t\t\t<div class=\"elementor-element elementor-element-ab99ca1 e-flex e-con-boxed e-con e-parent\" data-id=\"ab99ca1\" data-element_type=\"container\" data-settings=\"{&quot;background_background&quot;:&quot;classic&quot;,&quot;content_width&quot;:&quot;boxed&quot;}\" data-core-v316-plus=\"true\">\n\t\t\t\t\t<div class=\"e-con-inner\">\n\t\t\t\t<div class=\"elementor-element elementor-element-6bb1f64 elementor-widget elementor-widget-heading\" data-id=\"6bb1f64\" data-element_type=\"widget\" data-widget_type=\"heading.default\">\n\t\t\t\t<div class=\"elementor-widget-container\">\n\t\t\t<style>\/*! elementor - v3.16.0 - 20-09-2023 *\/\n.elementor-heading-title{padding:0;margin:0;line-height:1}.elementor-widget-heading .elementor-heading-title[class*=elementor-size-]>a{color:inherit;font-size:inherit;line-height:inherit}.elementor-widget-heading .elementor-heading-title.elementor-size-small{font-size:15px}.elementor-widget-heading .elementor-heading-title.elementor-size-medium{font-size:19px}.elementor-widget-heading .elementor-heading-title.elementor-size-large{font-size:29px}.elementor-widget-heading .elementor-heading-title.elementor-size-xl{font-size:39px}.elementor-widget-heading .elementor-heading-title.elementor-size-xxl{font-size:59px}<\/style><h1 class=\"elementor-heading-title elementor-size-default\">Contato<\/h1>\t\t<\/div>\n\t\t\t\t<\/div>\n\t\t\t\t\t<\/div>\n\t\t\t\t<\/div>\n\t\t<div class=\"elementor-element elementor-element-a9f242d e-con-full e-flex e-con e-parent\" data-id=\"a9f242d\" data-element_type=\"container\" data-settings=\"{&quot;content_width&quot;:&quot;full&quot;,&quot;background_background&quot;:&quot;classic&quot;}\" data-core-v316-plus=\"true\">\n\t\t<div class=\"elementor-element elementor-element-5c3099f e-flex e-con-boxed e-con e-child\" data-id=\"5c3099f\" data-element_type=\"container\" data-settings=\"{&quot;content_width&quot;:&quot;boxed&quot;}\">\n\t\t\t\t\t<div class=\"e-con-inner\">\n\t\t<div class=\"elementor-element elementor-element-a6bf578 e-con-full e-flex e-con e-child\" data-id=\"a6bf578\" data-element_type=\"container\" data-settings=\"{&quot;content_width&quot;:&quot;full&quot;}\">\n\t\t\t\t<div class=\"elementor-element elementor-element-ec8750a elementor-position-left elementor-vertical-align-middle opcao_contato elementor-view-default elementor-mobile-position-top elementor-widget elementor-widget-icon-box\" data-id=\"ec8750a\" data-element_type=\"widget\" data-widget_type=\"icon-box.default\">\n\t\t\t\t<div class=\"elementor-widget-container\">\n\t\t\t<link rel=\"stylesheet\" href=\"https:\/\/parceiros.studiom3.com.br\/dauriti\/wp-content\/plugins\/elementor\/assets\/css\/widget-icon-box.min.css\">\t\t<div class=\"elementor-icon-box-wrapper\">\n\t\t\t\t\t\t<div class=\"elementor-icon-box-icon\">\n\t\t\t\t<span  class=\"elementor-icon elementor-animation-\">\n\t\t\t\t<i aria-hidden=\"true\" class=\"fas fa-headset\"><\/i>\t\t\t\t<\/span>\n\t\t\t<\/div>\n\t\t\t\t\t\t<div class=\"elementor-icon-box-content\">\n\t\t\t\t<h3 class=\"elementor-icon-box-title\">\n\t\t\t\t\t<span  >\n\t\t\t\t\t\tLigue\t\t\t\t\t<\/span>\n\t\t\t\t<\/h3>\n\t\t\t\t\t\t\t\t\t<p class=\"elementor-icon-box-description\">\n\t\t\t\t\t\t(11) 3690-3000\t\t\t\t\t<\/p>\n\t\t\t\t\t\t\t<\/div>\n\t\t<\/div>\n\t\t\t\t<\/div>\n\t\t\t\t<\/div>\n\t\t\t\t<div class=\"elementor-element elementor-element-a209e5e elementor-position-left elementor-vertical-align-middle opcao_contato elementor-view-default elementor-mobile-position-top elementor-widget elementor-widget-icon-box\" data-id=\"a209e5e\" data-element_type=\"widget\" data-widget_type=\"icon-box.default\">\n\t\t\t\t<div class=\"elementor-widget-container\">\n\t\t\t\t\t<div class=\"elementor-icon-box-wrapper\">\n\t\t\t\t\t\t<div class=\"elementor-icon-box-icon\">\n\t\t\t\t<span  class=\"elementor-icon elementor-animation-\">\n\t\t\t\t<i aria-hidden=\"true\" class=\"fas fa-clipboard-list\"><\/i>\t\t\t\t<\/span>\n\t\t\t<\/div>\n\t\t\t\t\t\t<div class=\"elementor-icon-box-content\">\n\t\t\t\t<h3 class=\"elementor-icon-box-title\">\n\t\t\t\t\t<span  >\n\t\t\t\t\t\tOR\u00c7AMENTOS\t\t\t\t\t<\/span>\n\t\t\t\t<\/h3>\n\t\t\t\t\t\t\t\t\t<p class=\"elementor-icon-box-description\">\n\t\t\t\t\t\tinfo@dauriti.com.br\t\t\t\t\t<\/p>\n\t\t\t\t\t\t\t<\/div>\n\t\t<\/div>\n\t\t\t\t<\/div>\n\t\t\t\t<\/div>\n\t\t\t\t<div class=\"elementor-element elementor-element-495b9d0 elementor-position-left elementor-vertical-align-middle opcao_contato elementor-view-default elementor-mobile-position-top elementor-widget elementor-widget-icon-box\" data-id=\"495b9d0\" data-element_type=\"widget\" data-widget_type=\"icon-box.default\">\n\t\t\t\t<div class=\"elementor-widget-container\">\n\t\t\t\t\t<div class=\"elementor-icon-box-wrapper\">\n\t\t\t\t\t\t<div class=\"elementor-icon-box-icon\">\n\t\t\t\t<span  class=\"elementor-icon elementor-animation-\">\n\t\t\t\t<i aria-hidden=\"true\" class=\"fas fa-map-marker-alt\"><\/i>\t\t\t\t<\/span>\n\t\t\t<\/div>\n\t\t\t\t\t\t<div class=\"elementor-icon-box-content\">\n\t\t\t\t<h3 class=\"elementor-icon-box-title\">\n\t\t\t\t\t<span  >\n\t\t\t\t\t\tLOCALIZA\u00c7\u00c3O\t\t\t\t\t<\/span>\n\t\t\t\t<\/h3>\n\t\t\t\t\t\t\t\t\t<p class=\"elementor-icon-box-description\">\n\t\t\t\t\t\tR. Francisco Scridelli, 10\nJardin\u00f3polis - SP\t\t\t\t\t<\/p>\n\t\t\t\t\t\t\t<\/div>\n\t\t<\/div>\n\t\t\t\t<\/div>\n\t\t\t\t<\/div>\n\t\t\t\t<\/div>\n\t\t<div class=\"elementor-element elementor-element-54ffef9 e-con-full e-flex e-con e-child\" data-id=\"54ffef9\" data-element_type=\"container\" data-settings=\"{&quot;content_width&quot;:&quot;full&quot;}\">\n\t\t\t\t<div class=\"elementor-element elementor-element-ba131d7 elementor-widget__width-initial elementor-widget elementor-widget-text-editor\" data-id=\"ba131d7\" data-element_type=\"widget\" data-widget_type=\"text-editor.default\">\n\t\t\t\t<div class=\"elementor-widget-container\">\n\t\t\t<style>\/*! elementor - v3.16.0 - 20-09-2023 *\/\n.elementor-widget-text-editor.elementor-drop-cap-view-stacked .elementor-drop-cap{background-color:#69727d;color:#fff}.elementor-widget-text-editor.elementor-drop-cap-view-framed .elementor-drop-cap{color:#69727d;border:3px solid;background-color:transparent}.elementor-widget-text-editor:not(.elementor-drop-cap-view-default) .elementor-drop-cap{margin-top:8px}.elementor-widget-text-editor:not(.elementor-drop-cap-view-default) .elementor-drop-cap-letter{width:1em;height:1em}.elementor-widget-text-editor .elementor-drop-cap{float:left;text-align:center;line-height:1;font-size:50px}.elementor-widget-text-editor .elementor-drop-cap-letter{display:inline-block}<\/style>\t\t\t\t\u00c9 sempre um prazer atend\u00ea-lo.\nEntre em contato conosco e confira tudo o que podemos fazer pela sua empresa.\t\t\t\t\t\t<\/div>\n\t\t\t\t<\/div>\n\t\t\t\t<div class=\"elementor-element elementor-element-04d40e2 elementor-widget elementor-widget-shortcode\" data-id=\"04d40e2\" data-element_type=\"widget\" data-widget_type=\"shortcode.default\">\n\t\t\t\t<div class=\"elementor-widget-container\">\n\t\t\t\t\t<div class=\"elementor-shortcode\"><div id=\"quform-0bae73\" class=\"quform quform-1 quform-theme-minimal quform-support-page-caching\"><form id=\"quform-form-0bae73\" class=\"quform-form quform-form-1\" action=\"\/dauriti\/wp-json\/wp\/v2\/pages\/254#quform-0bae73\" method=\"post\" enctype=\"multipart\/form-data\" novalidate=\"novalidate\" data-options=\"{&quot;id&quot;:1,&quot;uniqueId&quot;:&quot;0bae73&quot;,&quot;theme&quot;:&quot;minimal&quot;,&quot;ajax&quot;:true,&quot;logic&quot;:{&quot;logic&quot;:[],&quot;dependents&quot;:[],&quot;elementIds&quot;:[],&quot;dependentElementIds&quot;:[],&quot;animate&quot;:true},&quot;currentPageId&quot;:1,&quot;errorsIcon&quot;:&quot;&quot;,&quot;updateFancybox&quot;:true,&quot;hasPages&quot;:false,&quot;pages&quot;:[1],&quot;pageProgressType&quot;:&quot;numbers&quot;,&quot;tooltipsEnabled&quot;:true,&quot;tooltipClasses&quot;:&quot;qtip-quform-dark qtip-shadow&quot;,&quot;tooltipMy&quot;:&quot;left center&quot;,&quot;tooltipAt&quot;:&quot;right center&quot;,&quot;isRtl&quot;:false,&quot;scrollOffset&quot;:-50,&quot;scrollSpeed&quot;:800}\"><button class=\"quform-default-submit\" name=\"quform_submit\" type=\"submit\" value=\"submit\" aria-hidden=\"true\" tabindex=\"-1\"><\/button><div class=\"quform-form-inner quform-form-inner-1\"><input type=\"hidden\" name=\"quform_form_id\" value=\"1\" \/><input type=\"hidden\" name=\"quform_form_uid\" value=\"0bae73\" \/><input type=\"hidden\" name=\"quform_count\" value=\"1\" \/><input type=\"hidden\" name=\"form_url\" value=\"https:\/\/parceiros.studiom3.com.br\/dauriti\/wp-json\/wp\/v2\/pages\/254\" \/><input type=\"hidden\" name=\"referring_url\" value=\"\" \/><input type=\"hidden\" name=\"post_id\" value=\"\" \/><input type=\"hidden\" name=\"post_title\" value=\"\" \/><input type=\"hidden\" name=\"quform_current_page_id\" value=\"1\" \/><input type=\"hidden\" name=\"quform_csrf_token\" value=\"wLjVK3Cj5QbBxk1vV0Wst3CPhZT001Qo5SHFca6c\" \/><div class=\"quform-elements quform-elements-1 quform-cf quform-responsive-elements-phone-landscape\"><div class=\"quform-element quform-element-page quform-page-1 quform-page-1_1 quform-cf quform-group-style-plain quform-first-page quform-last-page quform-current-page\"><div class=\"quform-child-elements\"><div class=\"quform-element quform-element-text quform-element-1_4 quform-cf quform-labels-inside quform-element-required\"><div class=\"quform-spacer\"><div class=\"quform-label quform-label-1_4\"><label class=\"quform-label-text\" for=\"quform_1_4_0bae73\">Nome<span class=\"quform-required\">*<\/span><\/label><\/div><div class=\"quform-inner quform-inner-text quform-inner-1_4\"><div class=\"quform-input quform-input-text quform-input-1_4 quform-cf\"><input type=\"text\" id=\"quform_1_4_0bae73\" name=\"quform_1_4\" class=\"quform-field quform-field-text quform-field-1_4\" \/><\/div><\/div><\/div><\/div><div class=\"quform-element quform-element-text quform-element-1_5 quform-cf quform-labels-inside quform-element-required\"><div class=\"quform-spacer\"><div class=\"quform-label quform-label-1_5\"><label class=\"quform-label-text\" for=\"quform_1_5_0bae73\">Empresa<span class=\"quform-required\">*<\/span><\/label><\/div><div class=\"quform-inner quform-inner-text quform-inner-1_5\"><div class=\"quform-input quform-input-text quform-input-1_5 quform-cf\"><input type=\"text\" id=\"quform_1_5_0bae73\" name=\"quform_1_5\" class=\"quform-field quform-field-text quform-field-1_5\" \/><\/div><\/div><\/div><\/div><div class=\"quform-element quform-element-text quform-element-1_6 quform-cf quform-labels-inside quform-element-required\"><div class=\"quform-spacer\"><div class=\"quform-label quform-label-1_6\"><label class=\"quform-label-text\" for=\"quform_1_6_0bae73\">Telefone<span class=\"quform-required\">*<\/span><\/label><\/div><div class=\"quform-inner quform-inner-text quform-inner-1_6\"><div class=\"quform-input quform-input-text quform-input-1_6 quform-cf\"><input type=\"text\" id=\"quform_1_6_0bae73\" name=\"quform_1_6\" class=\"quform-field quform-field-text quform-field-1_6\" \/><\/div><\/div><\/div><\/div><div class=\"quform-element quform-element-email quform-element-1_7 quform-cf quform-labels-inside quform-element-required\"><div class=\"quform-spacer\"><div class=\"quform-label quform-label-1_7\"><label class=\"quform-label-text\" for=\"quform_1_7_0bae73\">E-mail<span class=\"quform-required\">*<\/span><\/label><\/div><div class=\"quform-inner quform-inner-email quform-inner-1_7\"><div class=\"quform-input quform-input-email quform-input-1_7 quform-cf\"><input type=\"email\" id=\"quform_1_7_0bae73\" name=\"quform_1_7\" class=\"quform-field quform-field-email quform-field-1_7\" \/><\/div><\/div><\/div><\/div><div class=\"quform-element quform-element-textarea quform-element-1_8 quform-cf quform-labels-inside quform-element-required\"><div class=\"quform-spacer\"><div class=\"quform-label quform-label-1_8\"><label class=\"quform-label-text\" for=\"quform_1_8_0bae73\">Mensagem<span class=\"quform-required\">*<\/span><\/label><\/div><div class=\"quform-inner quform-inner-textarea quform-inner-1_8\"><div class=\"quform-input quform-input-textarea quform-input-1_8 quform-cf\"><textarea id=\"quform_1_8_0bae73\" name=\"quform_1_8\" class=\"quform-field quform-field-textarea quform-field-1_8\"><\/textarea><\/div><\/div><\/div><\/div><div class=\"quform-element quform-element-checkbox quform-element-1_13 quform-cf quform-element-required\"><div class=\"quform-spacer\"><div class=\"quform-inner quform-inner-checkbox quform-inner-1_13\"><div class=\"quform-input quform-input-checkbox quform-input-1_13 quform-cf\"><div class=\"quform-options quform-cf quform-options-block quform-options-simple\"><div class=\"quform-option\"><input type=\"checkbox\" name=\"quform_1_13[]\" id=\"quform_1_13_0bae73_1\" class=\"quform-field quform-field-checkbox quform-field-1_13 quform-field-1_13_1\" value=\"Atesto que li e concordo com a &lt;a href=&quot;https:\/\/parceiros.studiom3.com.br\/dauriti\/politica-de-privacidade\/&quot; target=&quot;_blank&quot;&gt;Pol\u00edtica de Privacidade&lt;\/a&gt;\" \/><label for=\"quform_1_13_0bae73_1\" class=\"quform-option-label quform-option-label-1_13_1\"><span class=\"quform-option-text\">Atesto que li e concordo com a <a href=\"https:\/\/parceiros.studiom3.com.br\/dauriti\/politica-de-privacidade\/\" target=\"_blank\">Pol\u00edtica de Privacidade<\/a><\/span><\/label><\/div><\/div><\/div><\/div><\/div><\/div><div class=\"quform-element quform-element-recaptcha quform-element-1_11 quform-cf quform-element-required\"><div class=\"quform-spacer\"><div class=\"quform-inner quform-inner-recaptcha quform-inner-1_11\"><div class=\"quform-input quform-input-recaptcha quform-input-1_11 quform-cf\"><div class=\"quform-recaptcha\" data-config=\"{&quot;sitekey&quot;:&quot;6Lcew7oUAAAAAECggGkQIoOFoqOClrP2a6BXyL7x&quot;,&quot;_version&quot;:&quot;v2&quot;,&quot;size&quot;:&quot;normal&quot;,&quot;type&quot;:&quot;image&quot;,&quot;theme&quot;:&quot;light&quot;,&quot;badge&quot;:&quot;bottomright&quot;}\"><\/div><noscript><div><div style=\"width: 302px; height: 422px; position: relative;\"><div style=\"width: 302px; height: 422px; position: absolute;\"><iframe src=\"https:\/\/www.google.com\/recaptcha\/api\/fallback?k=6Lcew7oUAAAAAECggGkQIoOFoqOClrP2a6BXyL7x\" frameborder=\"0\" scrolling=\"no\" style=\"width: 302px; height:422px; border-style: none;\"><\/iframe><\/div><\/div><div style=\"width: 300px; height: 60px; border-style: none; bottom: 12px; left: 25px; margin: 0px; padding: 0px; right: 25px; background: #f9f9f9; border: 1px solid #c1c1c1; border-radius: 3px;\"><textarea name=\"g-recaptcha-response\" class=\"g-recaptcha-response\" style=\"width: 250px; height: 40px; border: 1px solid #c1c1c1; margin: 10px 25px; padding: 0px; resize: none;\" aria-hidden=\"true\"><\/textarea><\/div><\/div><\/noscript><\/div><\/div><\/div><\/div><div class=\"quform-element quform-element-submit quform-element-1_2 quform-cf quform-button-style-theme quform-button-size-medium quform-button-width-medium\"><div class=\"quform-button-submit quform-button-submit-default quform-button-submit-1_2\"><button name=\"quform_submit\" type=\"submit\" class=\"quform-submit\" value=\"submit\"><span class=\"quform-button-text quform-button-submit-text\">Enviar<\/span><\/button><\/div><\/div><div class=\"quform-element-tree\"><label for=\"quform_1_0_0bae73\">Este campo deve ser deixado em branco<\/label><input type=\"text\" id=\"quform_1_0_0bae73\" name=\"quform_1_0\" class=\"quform-field quform-field-tree quform-field-1_0\" tabindex=\"-1\" autocomplete=\"off\" \/><\/div><\/div><\/div><\/div><div class=\"quform-loading quform-loading-position-over-form quform-loading-type-spinner-6\"><div class=\"quform-loading-inner\"><div class=\"quform-loading-spinner\"><div class=\"quform-loading-spinner-inner\"><\/div><\/div><\/div><\/div><\/div><\/form><\/div><\/div>\n\t\t\t\t<\/div>\n\t\t\t\t<\/div>\n\t\t\t\t<\/div>\n\t\t\t\t\t<\/div>\n\t\t\t\t<\/div>\n\t\t\t\t<\/div>\n\t\t<div class=\"elementor-element elementor-element-6add88a e-con-full e-flex e-con e-parent\" data-id=\"6add88a\" data-element_type=\"container\" data-settings=\"{&quot;content_width&quot;:&quot;full&quot;}\" data-core-v316-plus=\"true\">\n\t\t\t\t<div class=\"elementor-element elementor-element-4c1d72d elementor-widget elementor-widget-google_maps\" data-id=\"4c1d72d\" data-element_type=\"widget\" data-widget_type=\"google_maps.default\">\n\t\t\t\t<div class=\"elementor-widget-container\">\n\t\t\t<style>\/*! elementor - v3.16.0 - 20-09-2023 *\/\n.elementor-widget-google_maps .elementor-widget-container{overflow:hidden}.elementor-widget-google_maps .elementor-custom-embed{line-height:0}.elementor-widget-google_maps iframe{height:300px}<\/style>\t\t<div class=\"elementor-custom-embed\">\n\t\t\t<iframe loading=\"lazy\"\n\t\t\t\t\tsrc=\"https:\/\/maps.google.com\/maps?q=R.%20Francisco%20Scridelli%2C%2010%20-%20Distrito%20Industrial%20Adib%20Rassi%2C%20Jardin%C3%B3polis%20-%20SP%2C%2014680-000&#038;t=m&#038;z=17&#038;output=embed&#038;iwloc=near\"\n\t\t\t\t\ttitle=\"R. Francisco Scridelli, 10 - Distrito Industrial Adib Rassi, Jardin\u00f3polis - SP, 14680-000\"\n\t\t\t\t\taria-label=\"R. Francisco Scridelli, 10 - Distrito Industrial Adib Rassi, Jardin\u00f3polis - SP, 14680-000\"\n\t\t\t><\/iframe>\n\t\t<\/div>\n\t\t\t\t<\/div>\n\t\t\t\t<\/div>\n\t\t\t\t<\/div>\n\t\t\t\t\t\t\t<\/div>\n\t\t","protected":false},"excerpt":{"rendered":"<p>Contato Ligue (11) 3690-3000 OR\u00c7AMENTOS info@dauriti.com.br LOCALIZA\u00c7\u00c3O R. Francisco Scridelli, 10 Jardin\u00f3polis &#8211; SP \u00c9 sempre um prazer atend\u00ea-lo. Entre em contato conosco e confira tudo o que podemos fazer pela sua empresa.<\/p>\n","protected":false},"author":1,"featured_media":0,"parent":0,"menu_order":0,"comment_status":"closed","ping_status":"closed","template":"","meta":{"inline_featured_image":false,"footnotes":""},"_links":{"self":[{"href":"https:\/\/parceiros.studiom3.com.br\/dauriti\/wp-json\/wp\/v2\/pages\/254"}],"collection":[{"href":"https:\/\/parceiros.studiom3.com.br\/dauriti\/wp-json\/wp\/v2\/pages"}],"about":[{"href":"https:\/\/parceiros.studiom3.com.br\/dauriti\/wp-json\/wp\/v2\/types\/page"}],"author":[{"embeddable":true,"href":"https:\/\/parceiros.studiom3.com.br\/dauriti\/wp-json\/wp\/v2\/users\/1"}],"replies":[{"embeddable":true,"href":"https:\/\/parceiros.studiom3.com.br\/dauriti\/wp-json\/wp\/v2\/comments?post=254"}],"version-history":[{"count":52,"href":"https:\/\/parceiros.studiom3.com.br\/dauriti\/wp-json\/wp\/v2\/pages\/254\/revisions"}],"predecessor-version":[{"id":4010,"href":"https:\/\/parceiros.studiom3.com.br\/dauriti\/wp-json\/wp\/v2\/pages\/254\/revisions\/4010"}],"wp:attachment":[{"href":"https:\/\/parceiros.studiom3.com.br\/dauriti\/wp-json\/wp\/v2\/media?parent=254"}],"curies":[{"name":"wp","href":"https:\/\/api.w.org\/{rel}","templated":true}]}}